{"id":11,"date":"2018-09-10T12:47:51","date_gmt":"2018-09-10T12:47:51","guid":{"rendered":"http:\/\/law-firm.bold-themes.com\/master-import\/?page_id=11"},"modified":"2024-03-12T11:17:04","modified_gmt":"2024-03-12T08:17:04","slug":"about","status":"publish","type":"page","link":"https:\/\/unicapaints.com\/en\/about\/","title":{"rendered":"About Us"},"content":{"rendered":"<p><section data-bb-version=\"4.8.5\" id=\"bt_bb_section69e7a79a59d7d\" class=\"bt_bb_section bt_bb_color_scheme_1 bt_bb_layout_boxed_1200 bt_bb_vertical_align_top bt_bb_background_overlay_dark_solid bt_bb_top_spacing_large bt_bb_bottom_spacing_large\" style=\"; --section-primary-color:#ffffff; --section-secondary-color:#191919;\" data-bt-override-class=\"{&quot;bt_bb_top_spacing_&quot;:{&quot;current_class&quot;:&quot;bt_bb_top_spacing_large&quot;,&quot;def&quot;:&quot;large&quot;},&quot;bt_bb_bottom_spacing_&quot;:{&quot;current_class&quot;:&quot;bt_bb_bottom_spacing_large&quot;,&quot;def&quot;:&quot;large&quot;}}\"><div class=\"bt_bb_background_image_holder_wrapper\"><div class=\"bt_bb_background_image_holder bt_bb_parallax\"  data-parallax=\"0.6\" data-parallax-offset=\"0\" data-parallax-zoom-start=\"1\" data-parallax-zoom-end=\"1\" data-parallax-blur-start=\"0\" data-parallax-blur-end=\"0\" data-parallax-opacity-start=\"1\" data-parallax-opacity-end=\"1\" style=\" background-image:url(&#039;https:\/\/unicapaints.com\/en\/wp-content\/uploads\/sites\/3\/2024\/03\/choosing-wall-paints.jpg&#039;);\"><\/div><\/div><div class=\"bt_bb_port\"><div class=\"bt_bb_cell\"><div class=\"bt_bb_cell_inner\"><div class=\"bt_bb_row \"  data-bt-override-class=\"{}\"><div class=\"bt_bb_row_holder\" ><div  class=\"bt_bb_column col-xxl-3 col-xl-3 bt_bb_vertical_align_top bt_bb_align_left bt_bb_padding_normal\" style=\"; --column-width:3;\" data-width=\"3\" data-bt-override-class=\"{}\"><div class=\"bt_bb_column_content\"><div class=\"bt_bb_column_content_inner\"><\/div><\/div><\/div><div  class=\"bt_bb_column col-xxl-6 col-xl-6 bt_bb_vertical_align_middle bt_bb_align_center bt_bb_padding_normal bt_bb_animation_fade_in animate\" style=\"; --column-width:6;\" data-width=\"6\" data-bt-override-class=\"{}\"><div class=\"bt_bb_column_content\"><div class=\"bt_bb_column_content_inner\"><div class=\"bt_bb_separator bt_bb_border_style_none bt_bb_border_color_none bt_bb_bottom_spacing_medium\" data-bt-override-class=\"null\"><\/div><header data-bb-version=\"4.8.5\" class=\"bt_bb_headline bt_bb_dash_none bt_bb_size_huge bt_bb_align_inherit\" data-bt-override-class=\"{&quot;bt_bb_size_&quot;:{&quot;current_class&quot;:&quot;bt_bb_size_huge&quot;,&quot;def&quot;:&quot;huge&quot;},&quot;bt_bb_align_&quot;:{&quot;current_class&quot;:&quot;bt_bb_align_inherit&quot;,&quot;def&quot;:&quot;inherit&quot;}}\"><h1 class=\"bt_bb_headline_tag\"><span class=\"bt_bb_headline_content\"><span>About Us<\/span><\/span><\/h1><\/header><\/div><\/div><\/div><div  class=\"bt_bb_column col-xxl-3 col-xl-3 bt_bb_vertical_align_top bt_bb_align_left bt_bb_padding_normal\" style=\"; --column-width:3;\" data-width=\"3\" data-bt-override-class=\"{}\"><div class=\"bt_bb_column_content\"><div class=\"bt_bb_column_content_inner\"><\/div><\/div><\/div><\/div><\/div><\/div><!-- cell_inner --><\/div><!-- cell --><\/div><!-- port --><\/section><section id=\"bt_bb_section69e7a79a5a277\" class=\"bt_bb_section bt_bb_color_scheme_2 bt_bb_layout_boxed_1200 bt_bb_vertical_align_top bt_bb_top_spacing_large bt_bb_bottom_spacing_medium\" style=\"; --section-primary-color:#191919; --section-secondary-color:#ffffff;\" data-bt-override-class=\"null\"><div class=\"bt_bb_port\"><div class=\"bt_bb_cell\"><div class=\"bt_bb_cell_inner\"><div class=\"bt_bb_row \"  data-bt-override-class=\"{}\"><div class=\"bt_bb_row_holder\" ><div  class=\"bt_bb_column col-xxl-3 col-xl-3 bt_bb_vertical_align_top bt_bb_align_left bt_bb_padding_normal\" style=\"; --column-width:3;\" data-width=\"3\" data-bt-override-class=\"{}\"><div class=\"bt_bb_column_content\"><div class=\"bt_bb_column_content_inner\"><\/div><\/div><\/div><div  class=\"bt_bb_column col-xxl-6 col-xl-6 bt_bb_vertical_align_top bt_bb_align_center bt_bb_padding_normal bt_bb_animation_fade_in animate\" style=\"; --column-width:6;\" data-width=\"6\" data-bt-override-class=\"{}\"><div class=\"bt_bb_column_content\"><div class=\"bt_bb_column_content_inner\"><header data-bb-version=\"4.8.5\" class=\"bt_bb_headline bt_bb_dash_bottom bt_bb_size_extralarge bt_bb_align_inherit\" data-bt-override-class=\"{&quot;bt_bb_size_&quot;:{&quot;current_class&quot;:&quot;bt_bb_size_extralarge&quot;,&quot;def&quot;:&quot;extralarge&quot;},&quot;bt_bb_align_&quot;:{&quot;current_class&quot;:&quot;bt_bb_align_inherit&quot;,&quot;def&quot;:&quot;inherit&quot;}}\"><h1 class=\"bt_bb_headline_tag\"><span class=\"bt_bb_headline_content\"><span>Company Profile<\/span><\/span><\/h1><\/header><div class=\"bt_bb_separator bt_bb_border_style_none bt_bb_bottom_spacing_normal\" data-bt-override-class=\"null\"><\/div><div  class=\"bt_bb_text\" ><\/p>\n<p>Unica Paints has established itself as Turkey&#8217;s leading manufacturer of Acrylic Tennis Court surface coatings since its inception in 2001. Expanding our horizons in 2004, we added acrylic and polyurethane sports flooring coatings to our repertoire, furthering our commitment to delivering top-notch industrial paint and surface coatings. With a focus on innovation and quality, Unica Paints leverages its state-of-the-art R&amp;D capabilities and comprehensive laboratory facilities to stay at the forefront of the surface treatment industry.<\/p>\n<p>\n<\/div><div class=\"bt_bb_separator bt_bb_border_style_none bt_bb_top_spacing_medium\" data-bt-override-class=\"null\"><\/div><\/div><\/div><\/div><div  class=\"bt_bb_column col-xxl-3 col-xl-3 bt_bb_vertical_align_top bt_bb_align_left bt_bb_padding_normal\" style=\"; --column-width:3;\" data-width=\"3\" data-bt-override-class=\"{}\"><div class=\"bt_bb_column_content\"><div class=\"bt_bb_column_content_inner\"><\/div><\/div><\/div><\/div><\/div><div class=\"bt_bb_row \"  data-bt-override-class=\"{}\"><div class=\"bt_bb_row_holder\" ><div  class=\"bt_bb_column col-xxl-4 col-xl-4 bt_bb_vertical_align_top bt_bb_align_left bt_bb_padding_normal bt_bb_animation_fade_in animate\" style=\"; --column-width:4;\" data-width=\"4\" data-bt-override-class=\"{}\"><div class=\"bt_bb_column_content\"><div class=\"bt_bb_column_content_inner\"><header data-bb-version=\"4.8.5\" class=\"bt_bb_headline bt_bb_dash_top bt_bb_size_large bt_bb_align_inherit\" data-bt-override-class=\"{&quot;bt_bb_size_&quot;:{&quot;current_class&quot;:&quot;bt_bb_size_large&quot;,&quot;def&quot;:&quot;large&quot;},&quot;bt_bb_align_&quot;:{&quot;current_class&quot;:&quot;bt_bb_align_inherit&quot;,&quot;def&quot;:&quot;inherit&quot;}}\"><h1 class=\"bt_bb_headline_tag\"><span class=\"bt_bb_headline_content\"><span>Vision<\/span><\/span><\/h1><\/header><div class=\"bt_bb_separator bt_bb_border_style_none bt_bb_bottom_spacing_normal\" data-bt-override-class=\"null\"><\/div><div data-bb-version=\"4.8.4\"  class=\"bt_bb_text\" ><\/p>\n<p>Our vision is to maintain our leadership in the surface coating sector by continuously introducing innovative products and systems that perfectly align with customer needs. By keeping a close eye on global trends and technological advancements, Unica Paints aims to set new standards in quality and innovation, ensuring we always offer solutions that are not only cutting-edge but also environmentally sustainable and safe.<\/p>\n<p>\n<\/div><div class=\"bt_bb_separator bt_bb_border_style_none bt_bb_top_spacing_medium\" data-bt-override-class=\"null\"><\/div><\/div><\/div><\/div><div data-bb-version=\"4.8.4\"  class=\"bt_bb_column col-xxl-4 col-xl-4 bt_bb_vertical_align_top bt_bb_align_left bt_bb_padding_normal bt_bb_animation_fade_in animate\" style=\"; --column-width:4;\" data-width=\"4\" data-bt-override-class=\"{&quot;bt_bb_align_&quot;:{&quot;current_class&quot;:&quot;bt_bb_align_left&quot;,&quot;def&quot;:&quot;left&quot;},&quot;bt_bb_padding_&quot;:{&quot;current_class&quot;:&quot;bt_bb_padding_normal&quot;,&quot;def&quot;:&quot;normal&quot;}}\"><div class=\"bt_bb_column_content\"><div class=\"bt_bb_column_content_inner\"><header data-bb-version=\"4.8.5\" class=\"bt_bb_headline bt_bb_dash_top bt_bb_size_large bt_bb_align_inherit\" data-bt-override-class=\"{&quot;bt_bb_size_&quot;:{&quot;current_class&quot;:&quot;bt_bb_size_large&quot;,&quot;def&quot;:&quot;large&quot;},&quot;bt_bb_align_&quot;:{&quot;current_class&quot;:&quot;bt_bb_align_inherit&quot;,&quot;def&quot;:&quot;inherit&quot;}}\"><h1 class=\"bt_bb_headline_tag\"><span class=\"bt_bb_headline_content\"><span>Mission<\/span><\/span><\/h1><\/header><div class=\"bt_bb_separator bt_bb_border_style_none bt_bb_bottom_spacing_normal\" data-bt-override-class=\"null\"><\/div><div  class=\"bt_bb_text\" ><\/p>\n<p>Unica Paints is dedicated to exceeding customer expectations by providing high-quality, durable, and aesthetically pleasing surface coating solutions for a variety of applications, including industrial, sports, and eco-friendly needs. Our mission revolves around the continuous improvement of our product offerings and services, ensuring we meet the evolving demands of our clients with efficiency, expertise, and environmental responsibility.<\/p>\n<p>\n<\/div><div class=\"bt_bb_separator bt_bb_border_style_none bt_bb_top_spacing_medium\" data-bt-override-class=\"null\"><\/div><\/div><\/div><\/div><div data-bb-version=\"4.8.4\"  class=\"bt_bb_column col-xxl-4 col-xl-4 bt_bb_vertical_align_top bt_bb_align_left bt_bb_padding_normal bt_bb_animation_fade_in animate\" style=\"; --column-width:4;\" data-width=\"4\" data-bt-override-class=\"{&quot;bt_bb_align_&quot;:{&quot;current_class&quot;:&quot;bt_bb_align_left&quot;,&quot;def&quot;:&quot;left&quot;},&quot;bt_bb_padding_&quot;:{&quot;current_class&quot;:&quot;bt_bb_padding_normal&quot;,&quot;def&quot;:&quot;normal&quot;}}\"><div class=\"bt_bb_column_content\"><div class=\"bt_bb_column_content_inner\"><header data-bb-version=\"4.8.5\" class=\"bt_bb_headline bt_bb_dash_top bt_bb_size_large bt_bb_align_inherit\" data-bt-override-class=\"{&quot;bt_bb_size_&quot;:{&quot;current_class&quot;:&quot;bt_bb_size_large&quot;,&quot;def&quot;:&quot;large&quot;},&quot;bt_bb_align_&quot;:{&quot;current_class&quot;:&quot;bt_bb_align_inherit&quot;,&quot;def&quot;:&quot;inherit&quot;}}\"><h1 class=\"bt_bb_headline_tag\"><span class=\"bt_bb_headline_content\"><span>Quality Policy<\/span><\/span><\/h1><\/header><div class=\"bt_bb_separator bt_bb_border_style_none bt_bb_bottom_spacing_normal\" data-bt-override-class=\"null\"><\/div><div  class=\"bt_bb_text\" ><\/p>\n<p>At Unica Paints, our commitment to quality is unwavering. We are fully equipped with all necessary quality, environmental, and occupational health and safety management systems, holding prestigious certifications such as CE, Cleanroom, SRI, ITF, and World Athletics. Our quality policy focuses on achieving 100% customer satisfaction by adhering to the highest international standards, offering impeccable technical support, and ensuring the reliability and safety of our products. We believe in fostering long-term relationships with our customers, providing comprehensive 360-degree services from production to application, and continuously enhancing our processes and products to lead the way in the surface coating industry.<\/p>\n<p>\n<\/div><div class=\"bt_bb_separator bt_bb_border_style_none bt_bb_top_spacing_medium\" data-bt-override-class=\"null\"><\/div><\/div><\/div><\/div><\/div><\/div><\/div><!-- cell_inner --><\/div><!-- cell --><\/div><!-- port --><\/section><section id=\"bt_bb_section69e7a79a5af4f\" class=\"bt_bb_section bt_bb_color_scheme_2 bt_bb_layout_boxed_1200 bt_bb_vertical_align_top bt_bb_top_spacing_medium bt_bb_bottom_spacing_large\" style=\"; --section-primary-color:#191919; --section-secondary-color:#ffffff;\" data-bt-override-class=\"null\"><div class=\"bt_bb_port\"><div class=\"bt_bb_cell\"><div class=\"bt_bb_cell_inner\"><div class=\"bt_bb_row \"  data-bt-override-class=\"{}\"><div class=\"bt_bb_row_holder\" ><div  class=\"bt_bb_column col-xxl-12 col-xl-12 bt_bb_vertical_align_top bt_bb_align_left bt_bb_padding_normal\" style=\"; --column-width:12;\" data-width=\"12\" data-bt-override-class=\"{}\"><div class=\"bt_bb_column_content\"><div class=\"bt_bb_column_content_inner\"><div data-bb-version=\"4.8.4\" class=\"bt_bb_slider bt_bb_height_keep-height bt_bb_show_dots_below bt_bb_multiple_slides bt_bb_animation_slide animate\"><div class=\"slick-slider\"  data-slick='{ \"lazyLoad\": \"progressive\", \"cssEase\": \"ease-out\", \"speed\": \"300\", \"dots\": true, \"prevArrow\": \"\", \"nextArrow\": \"\",\"slidesToShow\": 4, \"autoplay\": true, \"autoplaySpeed\": 3000,\"slidesToShow\": 4, \"responsive\": [{ \"breakpoint\": 481, \"settings\": { \"slidesToShow\": 1, \"slidesToScroll\": 1 } },{ \"breakpoint\": 769, \"settings\": { \"slidesToShow\": 2, \"slidesToScroll\": 2 } },{ \"breakpoint\": 993, \"settings\": { \"slidesToShow\": 3, \"slidesToScroll\": 3 } },{ \"breakpoint\": 1201, \"settings\": { \"slidesToShow\": 4, \"slidesToScroll\": 4 } },{ \"breakpoint\": 1401, \"settings\": { \"slidesToShow\": 4, \"slidesToScroll\": 4 } }]}' ><div class=\"bt_bb_slider_item\" data-src-full=\"https:\/\/unicapaints.com\/en\/wp-content\/uploads\/sites\/3\/2024\/03\/Calisma-Yuzeyi-1.png\"><img decoding=\"async\" src=\"https:\/\/unicapaints.com\/en\/wp-content\/uploads\/sites\/3\/2024\/03\/Calisma-Yuzeyi-1.png\" alt=\"\u00c7al\u0131\u015fma Y\u00fczeyi 1\"  title=\"\u00c7al\u0131\u015fma Y\u00fczeyi 1\"><\/div><div class=\"bt_bb_slider_item\" data-src-full=\"https:\/\/unicapaints.com\/en\/wp-content\/uploads\/sites\/3\/2024\/03\/ISO-14001.png\"><img decoding=\"async\" src=\"https:\/\/unicapaints.com\/en\/wp-content\/uploads\/sites\/3\/2024\/03\/ISO-14001.png\" alt=\"ISO 14001\"  title=\"ISO 14001\"><\/div><div class=\"bt_bb_slider_item\" data-src-full=\"https:\/\/unicapaints.com\/en\/wp-content\/uploads\/sites\/3\/2024\/03\/ISO-45001.png\"><img decoding=\"async\" src=\"https:\/\/unicapaints.com\/en\/wp-content\/uploads\/sites\/3\/2024\/03\/ISO-45001.png\" alt=\"ISO 45001\"  title=\"ISO 45001\"><\/div><div class=\"bt_bb_slider_item\" data-src-full=\"https:\/\/unicapaints.com\/en\/wp-content\/uploads\/sites\/3\/2024\/03\/all-itf-certificates.png\"><img decoding=\"async\" src=\"https:\/\/unicapaints.com\/en\/wp-content\/uploads\/sites\/3\/2024\/03\/all-itf-certificates.png\" alt=\"all-itf-certificates\"  title=\"all-itf-certificates\"><\/div><div class=\"bt_bb_slider_item\" data-src-full=\"https:\/\/unicapaints.com\/en\/wp-content\/uploads\/sites\/3\/2024\/03\/itf-general-member.png\"><img decoding=\"async\" src=\"https:\/\/unicapaints.com\/en\/wp-content\/uploads\/sites\/3\/2024\/03\/itf-general-member.png\" alt=\"itf-general-member\"  title=\"itf-general-member\"><\/div><div class=\"bt_bb_slider_item\" data-src-full=\"https:\/\/unicapaints.com\/en\/wp-content\/uploads\/sites\/3\/2024\/03\/world-athletics-iaaf-certificate.png\"><img decoding=\"async\" src=\"https:\/\/unicapaints.com\/en\/wp-content\/uploads\/sites\/3\/2024\/03\/world-athletics-iaaf-certificate.png\" alt=\"world-athletics-iaaf-certificate\"  title=\"world-athletics-iaaf-certificate\"><\/div><div class=\"bt_bb_slider_item\" data-src-full=\"https:\/\/unicapaints.com\/en\/wp-content\/uploads\/sites\/3\/2024\/03\/clean-room-epoxy.png\"><img decoding=\"async\" src=\"https:\/\/unicapaints.com\/en\/wp-content\/uploads\/sites\/3\/2024\/03\/clean-room-epoxy.png\" alt=\"clean-room-epoxy\"  title=\"clean-room-epoxy\"><\/div><div class=\"bt_bb_slider_item\" data-src-full=\"https:\/\/unicapaints.com\/en\/wp-content\/uploads\/sites\/3\/2024\/03\/clean-room-pu.png\"><img decoding=\"async\" src=\"https:\/\/unicapaints.com\/en\/wp-content\/uploads\/sites\/3\/2024\/03\/clean-room-pu.png\" alt=\"clean-room-pu\"  title=\"clean-room-pu\"><\/div><div class=\"bt_bb_slider_item\" data-src-full=\"https:\/\/unicapaints.com\/en\/wp-content\/uploads\/sites\/3\/2024\/03\/Archiexpo.png\"><img decoding=\"async\" src=\"https:\/\/unicapaints.com\/en\/wp-content\/uploads\/sites\/3\/2024\/03\/Archiexpo.png\" alt=\"Archiexpo\"  title=\"Archiexpo\"><\/div><\/div><\/div><\/div><\/div><\/div><\/div><\/div><\/div><!-- cell_inner --><\/div><!-- cell --><\/div><!-- port --><\/section><section id=\"bt_bb_section69e7a79a5cf8c\" class=\"bt_bb_section bt_bb_color_scheme_15 bt_bb_layout_boxed_1200 bt_bb_vertical_align_top bt_bb_top_spacing_large bt_bb_bottom_spacing_large\" style=\"; --section-primary-color:#000000; --section-secondary-color:#f7f7f5;\" data-bt-override-class=\"null\"><div class=\"bt_bb_port\"><div class=\"bt_bb_cell\"><div class=\"bt_bb_cell_inner\"><div class=\"bt_bb_row \"  data-bt-override-class=\"{}\"><div class=\"bt_bb_row_holder\" ><div  class=\"bt_bb_column col-xxl-6 col-xl-6 bt_bb_vertical_align_middle bt_bb_align_left bt_bb_padding_normal bt_bb_animation_fade_in animate\" style=\"; --column-width:6;\" data-width=\"6\" data-bt-override-class=\"{}\"><div class=\"bt_bb_column_content\"><div class=\"bt_bb_column_content_inner\"><div data-bb-version=\"4.8.5\" class=\"bt_bb_image bt_bb_shape_square bt_bb_target_self bt_bb_align_inherit bt_bb_hover_style_simple bt_bb_content_display_always bt_bb_content_align_middle\" data-bt-override-class=\"{&quot;bt_bb_align_&quot;:{&quot;current_class&quot;:&quot;bt_bb_align_inherit&quot;,&quot;def&quot;:&quot;inherit&quot;},&quot;bt_bb_content_display_&quot;:{&quot;current_class&quot;:&quot;bt_bb_content_display_always&quot;,&quot;def&quot;:&quot;always&quot;}}\"><span><img loading=\"lazy\" decoding=\"async\" width=\"768\" height=\"768\" src=\"https:\/\/unicapaints.com\/en\/wp-content\/uploads\/sites\/3\/2024\/02\/unica-ambalaj-768x768-1.png\" class=\"attachment-full size-full\" alt=\"https:\/\/unicapaints.com\/en\/wp-content\/uploads\/sites\/3\/2024\/02\/unica-ambalaj-768x768-1.png\" data-full_image_src=\"https:\/\/unicapaints.com\/en\/wp-content\/uploads\/sites\/3\/2024\/02\/unica-ambalaj-768x768-1.png\" title=\"unica-ambalaj-768x768\" srcset=\"https:\/\/unicapaints.com\/en\/wp-content\/uploads\/sites\/3\/2024\/02\/unica-ambalaj-768x768-1.png 768w, https:\/\/unicapaints.com\/en\/wp-content\/uploads\/sites\/3\/2024\/02\/unica-ambalaj-768x768-1-640x640.png 640w, https:\/\/unicapaints.com\/en\/wp-content\/uploads\/sites\/3\/2024\/02\/unica-ambalaj-768x768-1-160x160.png 160w, https:\/\/unicapaints.com\/en\/wp-content\/uploads\/sites\/3\/2024\/02\/unica-ambalaj-768x768-1-320x320.png 320w\" sizes=\"auto, (max-width: 768px) 100vw, 768px\" \/><\/span><\/div><div class=\"bt_bb_separator bt_bb_border_style_none bt_bb_border_color_none bt_bb_bottom_spacing_medium bt_bb_hidden_md bt_bb_hidden_lg\" data-bt-override-class=\"null\"><\/div><\/div><\/div><\/div><div  class=\"bt_bb_column col-xxl-6 col-xl-6 bt_bb_vertical_align_middle bt_bb_align_left bt_bb_padding_normal bt_bb_animation_fade_in animate\" style=\"; --column-width:6;\" data-width=\"6\" data-bt-override-class=\"{}\"><div class=\"bt_bb_column_content\"><div class=\"bt_bb_column_content_inner\"><header data-bb-version=\"4.8.5\" class=\"bt_bb_headline bt_bb_dash_none bt_bb_supertitle_style_accent bt_bb_superheadline bt_bb_size_extralarge bt_bb_align_inherit\" data-bt-override-class=\"{&quot;bt_bb_size_&quot;:{&quot;current_class&quot;:&quot;bt_bb_size_extralarge&quot;,&quot;def&quot;:&quot;extralarge&quot;},&quot;bt_bb_align_&quot;:{&quot;current_class&quot;:&quot;bt_bb_align_inherit&quot;,&quot;def&quot;:&quot;inherit&quot;}}\"><h2 class=\"bt_bb_headline_tag\"><span class=\"bt_bb_headline_superheadline\">Durable Epoxy, Acrylic, and Polyurethane Coatings<\/span><span class=\"bt_bb_headline_content\"><span>Wide range of products<\/span><\/span><\/h2><\/header><div class=\"bt_bb_separator bt_bb_border_style_none bt_bb_border_color_none bt_bb_bottom_spacing_normal\" data-bt-override-class=\"null\"><\/div><div data-bb-version=\"4.8.5\" class=\"bt_bb_button bt_bb_color_scheme_6 bt_bb_icon_position_left bt_bb_style_filled bt_bb_size_large bt_bb_width_inline bt_bb_shape_inherit bt_bb_target_self bt_bb_text_transform_inherit bt_bb_align_inherit\" style=\"; --primary-color:#ffffff; --secondary-color:#91c74c;\" data-bt-override-class=\"{&quot;bt_bb_size_&quot;:{&quot;current_class&quot;:&quot;bt_bb_size_large&quot;,&quot;def&quot;:&quot;large&quot;},&quot;bt_bb_align_&quot;:{&quot;current_class&quot;:&quot;bt_bb_align_inherit&quot;,&quot;def&quot;:&quot;inherit&quot;}}\"><a href=\"career\" target=\"_self\" class=\"bt_bb_link\" title=\"Products\"><span class=\"bt_bb_button_text\" >Products<\/span><\/a><\/div><\/div><\/div><\/div><\/div><\/div><\/div><!-- cell_inner --><\/div><!-- cell --><\/div><!-- port --><\/section><\/p>\n","protected":false},"excerpt":{"rendered":"","protected":false},"author":2,"featured_media":0,"parent":0,"menu_order":0,"comment_status":"closed","ping_status":"closed","template":"","meta":{"footnotes":""},"class_list":["post-11","page","type-page","status-publish","hentry"],"_links":{"self":[{"href":"https:\/\/unicapaints.com\/en\/wp-json\/wp\/v2\/pages\/11","targetHints":{"allow":["GET"]}}],"collection":[{"href":"https:\/\/unicapaints.com\/en\/wp-json\/wp\/v2\/pages"}],"about":[{"href":"https:\/\/unicapaints.com\/en\/wp-json\/wp\/v2\/types\/page"}],"author":[{"embeddable":true,"href":"https:\/\/unicapaints.com\/en\/wp-json\/wp\/v2\/users\/2"}],"replies":[{"embeddable":true,"href":"https:\/\/unicapaints.com\/en\/wp-json\/wp\/v2\/comments?post=11"}],"version-history":[{"count":2,"href":"https:\/\/unicapaints.com\/en\/wp-json\/wp\/v2\/pages\/11\/revisions"}],"predecessor-version":[{"id":2798,"href":"https:\/\/unicapaints.com\/en\/wp-json\/wp\/v2\/pages\/11\/revisions\/2798"}],"wp:attachment":[{"href":"https:\/\/unicapaints.com\/en\/wp-json\/wp\/v2\/media?parent=11"}],"curies":[{"name":"wp","href":"https:\/\/api.w.org\/{rel}","templated":true}]}}